{"id":120185,"date":"2023-03-24T12:14:14","date_gmt":"2023-03-24T11:14:14","guid":{"rendered":"https:\/\/www.jwl.ch\/?page_id=120185"},"modified":"2023-03-30T11:51:55","modified_gmt":"2023-03-30T09:51:55","slug":"jublinis-littau","status":"publish","type":"page","link":"https:\/\/www.jwl.ch\/?page_id=120185","title":{"rendered":"Jublinis Littau"},"content":{"rendered":"<p><img loading=\"lazy\" decoding=\"async\" class=\"aligncenter wp-image-120198 \" src=\"https:\/\/www.jwl.ch\/wp-content\/uploads\/2023\/03\/Jublinis_Logo.jpg\" alt=\"\" width=\"801\" height=\"328\" srcset=\"https:\/\/www.jwl.ch\/wp-content\/uploads\/2023\/03\/Jublinis_Logo.jpg 940w, https:\/\/www.jwl.ch\/wp-content\/uploads\/2023\/03\/Jublinis_Logo-768x315.jpg 768w, https:\/\/www.jwl.ch\/wp-content\/uploads\/2023\/03\/Jublinis_Logo-400x164.jpg 400w\" sizes=\"auto, (max-width: 801px) 100vw, 801px\" \/><\/p>\n<p><strong>Jublinis \u2013 Das neue Angebot von Jungwacht und Blauring Littau<\/strong><\/p>\n<p>Die Jublinis bieten <strong>Kinderg\u00e4rtner:innen<\/strong> eine attraktive und altersgerechte Freizeitbesch\u00e4ftigung. Gemeinsam mit dem Eichh\u00f6rnchen \u00abJublini\u00bb entdecken die Kinder die Welt, wobei <strong>Spiel und Spass<\/strong> im Vordergrund stehen. Das Angebot wird durch erfahrene Leiter:innen organisiert und wann immer m\u00f6glich in der freien Natur durchgef\u00fchrt. Bei den Jublinis sind <strong>alle Kinder willkommen<\/strong>!<\/p>\n<p><strong>Sechs bis sieben Mal im Jahr<\/strong> finden die Gruppenstunden am <strong>Samstagmorgen von 9.00 Uhr \u2013 12.00 Uhr<\/strong> statt. Die Termine und genauere Infos sind auf der Homepage <a href=\"http:\/\/www.jublinis-littau.ch\"><strong><em>www.jublinis-littau.ch<\/em><\/strong><\/a> ersichtlich. Das Angebot ist <strong>kostenlos<\/strong>. Start und Schluss der Gruppenstunden finden jeweils bei den Gruppenr\u00e4umen von Jungwacht und Blauring Littau, unter dem Pfarrsaal\/ Pfarramt der Kirche St. Theodul in Littau, statt.<\/p>\n","protected":false},"excerpt":{"rendered":"<p>Jublinis \u2013 Das neue Angebot von Jungwacht und Blauring Littau Die Jublinis bieten Kinderg\u00e4rtner:innen eine attraktive und altersgerechte Freizeitbesch\u00e4ftigung. Gemeinsam mit dem Eichh\u00f6rnchen \u00abJublini\u00bb entdecken die Kinder die Welt, wobei &#8230; <a title=\"Jublinis Littau\" class=\"read-more\" href=\"https:\/\/www.jwl.ch\/?page_id=120185\" aria-label=\"Mehr Informationen \u00fcber Jublinis Littau\">Weiterlesen<\/a><\/p>\n","protected":false},"author":8,"featured_media":0,"parent":498,"menu_order":0,"comment_status":"closed","ping_status":"closed","template":"","meta":{"footnotes":""},"class_list":["post-120185","page","type-page","status-publish"],"aioseo_notices":[],"_links":{"self":[{"href":"https:\/\/www.jwl.ch\/index.php?rest_route=\/wp\/v2\/pages\/120185","targetHints":{"allow":["GET"]}}],"collection":[{"href":"https:\/\/www.jwl.ch\/index.php?rest_route=\/wp\/v2\/pages"}],"about":[{"href":"https:\/\/www.jwl.ch\/index.php?rest_route=\/wp\/v2\/types\/page"}],"author":[{"embeddable":true,"href":"https:\/\/www.jwl.ch\/index.php?rest_route=\/wp\/v2\/users\/8"}],"replies":[{"embeddable":true,"href":"https:\/\/www.jwl.ch\/index.php?rest_route=%2Fwp%2Fv2%2Fcomments&post=120185"}],"version-history":[{"count":2,"href":"https:\/\/www.jwl.ch\/index.php?rest_route=\/wp\/v2\/pages\/120185\/revisions"}],"predecessor-version":[{"id":120200,"href":"https:\/\/www.jwl.ch\/index.php?rest_route=\/wp\/v2\/pages\/120185\/revisions\/120200"}],"up":[{"embeddable":true,"href":"https:\/\/www.jwl.ch\/index.php?rest_route=\/wp\/v2\/pages\/498"}],"wp:attachment":[{"href":"https:\/\/www.jwl.ch\/index.php?rest_route=%2Fwp%2Fv2%2Fmedia&parent=120185"}],"curies":[{"name":"wp","href":"https:\/\/api.w.org\/{rel}","templated":true}]}}